{"id":343,"date":"2012-06-25T06:06:16","date_gmt":"2012-06-25T05:06:16","guid":{"rendered":"http:\/\/www.hallstamfk.se\/?page_id=343"},"modified":"2023-02-19T14:43:16","modified_gmt":"2023-02-19T13:43:16","slug":"ansvariga","status":"publish","type":"page","link":"https:\/\/www.hallstamfk.se\/?page_id=343","title":{"rendered":"Ansvariga"},"content":{"rendered":"<p><strong>S\u00e4kerhetsansvarig (flyg):<\/strong> Jan Odehag<br \/>\n<strong>Flygplatsansvarig<\/strong>: Jan Odehag<\/p>\n<p><strong>Bilbaneansvarig<\/strong>: Jonas Skoglund<\/p>\n<p><strong>Materialf\u00f6rvaltare<\/strong>: Torbj\u00f6rn Leo<\/p>\n<p><strong>Nyckelansvarig<\/strong>: Torbj\u00f6rn Leo<br \/>\nBoka m\u00f6te per telefon:&nbsp;<\/p>\n","protected":false},"excerpt":{"rendered":"<p>S\u00e4kerhetsansvarig (flyg): Jan Odehag Flygplatsansvarig: Jan Odehag Bilbaneansvarig: Jonas Skoglund Materialf\u00f6rvaltare: Torbj\u00f6rn Leo Nyckelansvarig: Torbj\u00f6rn Leo Boka m\u00f6te per telefon:&nbsp;<\/p>\n","protected":false},"author":1,"featured_media":0,"parent":50,"menu_order":2,"comment_status":"closed","ping_status":"closed","template":"","meta":{"ngg_post_thumbnail":0,"footnotes":"","_links_to":"","_links_to_target":""},"_links":{"self":[{"href":"https:\/\/www.hallstamfk.se\/index.php?rest_route=\/wp\/v2\/pages\/343"}],"collection":[{"href":"https:\/\/www.hallstamfk.se\/index.php?rest_route=\/wp\/v2\/pages"}],"about":[{"href":"https:\/\/www.hallstamfk.se\/index.php?rest_route=\/wp\/v2\/types\/page"}],"author":[{"embeddable":true,"href":"https:\/\/www.hallstamfk.se\/index.php?rest_route=\/wp\/v2\/users\/1"}],"replies":[{"embeddable":true,"href":"https:\/\/www.hallstamfk.se\/index.php?rest_route=%2Fwp%2Fv2%2Fcomments&post=343"}],"version-history":[{"count":11,"href":"https:\/\/www.hallstamfk.se\/index.php?rest_route=\/wp\/v2\/pages\/343\/revisions"}],"predecessor-version":[{"id":2957,"href":"https:\/\/www.hallstamfk.se\/index.php?rest_route=\/wp\/v2\/pages\/343\/revisions\/2957"}],"up":[{"embeddable":true,"href":"https:\/\/www.hallstamfk.se\/index.php?rest_route=\/wp\/v2\/pages\/50"}],"wp:attachment":[{"href":"https:\/\/www.hallstamfk.se\/index.php?rest_route=%2Fwp%2Fv2%2Fmedia&parent=343"}],"curies":[{"name":"wp","href":"https:\/\/api.w.org\/{rel}","templated":true}]}}