{"id":1874,"date":"2015-04-09T12:42:52","date_gmt":"2015-04-09T11:42:52","guid":{"rendered":"http:\/\/www.hallstamfk.se\/?page_id=1874"},"modified":"2015-04-09T14:33:54","modified_gmt":"2015-04-09T13:33:54","slug":"protokoll","status":"publish","type":"page","link":"https:\/\/www.hallstamfk.se\/?page_id=1874","title":{"rendered":"Protokoll"},"content":{"rendered":"<div class=\"members-access-error\">Inneh\u00e5llet p\u00e5 denna sida \u00e4r enbart f\u00f6r klubbmedlemmar.<\/p>\n<p>Om du \u00e4r medlem i Hallstahammars MFK, var v\u00e4nlig skicka ett mail till webbmaster&#039;at&#039;hallstamfk.se med namn och anv\u00e4ndarnamn samt om du h\u00f6r till bil- och\/eller flygsektionen.<\/p><\/div>\n","protected":false},"excerpt":{"rendered":"<div class=\"members-access-error\">Inneh\u00e5llet p\u00e5 denna sida \u00e4r enbart f\u00f6r klubbmedlemmar.<\/p>\n<p>Om du \u00e4r medlem i Hallstahammars MFK, var v\u00e4nlig skicka ett mail till webbmaster&#039;at&#039;hallstamfk.se med namn och anv\u00e4ndarnamn samt om du h\u00f6r till bil- och\/eller flygsektionen.<\/p><\/div>\n","protected":false},"author":1,"featured_media":0,"parent":50,"menu_order":3,"comment_status":"closed","ping_status":"closed","template":"","meta":{"ngg_post_thumbnail":0,"footnotes":"","_links_to":"","_links_to_target":""},"_links":{"self":[{"href":"https:\/\/www.hallstamfk.se\/index.php?rest_route=\/wp\/v2\/pages\/1874"}],"collection":[{"href":"https:\/\/www.hallstamfk.se\/index.php?rest_route=\/wp\/v2\/pages"}],"about":[{"href":"https:\/\/www.hallstamfk.se\/index.php?rest_route=\/wp\/v2\/types\/page"}],"author":[{"embeddable":true,"href":"https:\/\/www.hallstamfk.se\/index.php?rest_route=\/wp\/v2\/users\/1"}],"replies":[{"embeddable":true,"href":"https:\/\/www.hallstamfk.se\/index.php?rest_route=%2Fwp%2Fv2%2Fcomments&post=1874"}],"version-history":[{"count":5,"href":"https:\/\/www.hallstamfk.se\/index.php?rest_route=\/wp\/v2\/pages\/1874\/revisions"}],"predecessor-version":[{"id":1884,"href":"https:\/\/www.hallstamfk.se\/index.php?rest_route=\/wp\/v2\/pages\/1874\/revisions\/1884"}],"up":[{"embeddable":true,"href":"https:\/\/www.hallstamfk.se\/index.php?rest_route=\/wp\/v2\/pages\/50"}],"wp:attachment":[{"href":"https:\/\/www.hallstamfk.se\/index.php?rest_route=%2Fwp%2Fv2%2Fmedia&parent=1874"}],"curies":[{"name":"wp","href":"https:\/\/api.w.org\/{rel}","templated":true}]}}